{"id":575,"date":"2025-05-13T16:57:10","date_gmt":"2025-05-13T13:57:10","guid":{"rendered":"https:\/\/ivi.umatter.gr\/?page_id=575"},"modified":"2026-03-23T12:27:50","modified_gmt":"2026-03-23T10:27:50","slug":"ivi-assessment-intro","status":"publish","type":"page","link":"https:\/\/ivimodel.com\/fr\/ivi-assessment-intro\/","title":{"rendered":"IVI Assessment Intro"},"content":{"rendered":"<div class=\"wp-block-group is-layout-flow wp-block-group-is-layout-flow\">\n<figure class=\"wp-block-image size-large is-resized\"><img decoding=\"async\" src=\"https:\/\/ivi.dicha.app\/wp-content\/uploads\/2025\/04\/IVI_Icon-A2984C.svg\" alt=\"IVI icon\" class=\"wp-image-306\" style=\"width:92px\"\/><\/figure>\n\n\n\n<h2 class=\"wp-block-heading\">Que voulons-nous dire par \u00ab valeurs \u00bb ?<\/h2>\n\n\n\n<h3 class=\"wp-block-heading\">Avant de commencer l\u2019\u00e9valuation, il est important de comprendre comment nous d\u00e9finissons et utilisons le concept de valeurs dans le mod\u00e8le IVI.<\/h3>\n\n\n\n<p>Le mod\u00e8le IVI consid\u00e8re une valeur comme \u00e9tant \u00ab quelque chose d\u2019important qui guide la r\u00e9flexion, le comportement et l\u2019action d\u2019un individu \u00bb.<\/p>\n\n\n\n<div class=\"wp-block-buttons dc-ivi-start-btn is-layout-flex wp-block-buttons-is-layout-flex\">\n<div class=\"wp-block-button\"><a class=\"wp-block-button__link wp-element-button\" href=\"\/fr\/ivi-assessment\/\">PR\u00caT \u00c0 COMMENCER<\/a><\/div>\n<\/div>\n<\/div>\n\n\n\n<p><\/p>","protected":false},"excerpt":{"rendered":"<p>What Do We Mean by \u201cValues\u201d? Before starting the assessment, it\u2019s important to understand how we define and use the concept of values in the IVI Model. The IVI Model considers a value to be \u201csomething important which guides an individual\u2019s reflection, behavior, and action.\u201d<\/p>","protected":false},"author":2,"featured_media":0,"parent":0,"menu_order":0,"comment_status":"closed","ping_status":"closed","template":"","meta":{"footnotes":""},"class_list":["post-575","page","type-page","status-publish","hentry"],"_links":{"self":[{"href":"https:\/\/ivimodel.com\/fr\/wp-json\/wp\/v2\/pages\/575","targetHints":{"allow":["GET"]}}],"collection":[{"href":"https:\/\/ivimodel.com\/fr\/wp-json\/wp\/v2\/pages"}],"about":[{"href":"https:\/\/ivimodel.com\/fr\/wp-json\/wp\/v2\/types\/page"}],"author":[{"embeddable":true,"href":"https:\/\/ivimodel.com\/fr\/wp-json\/wp\/v2\/users\/2"}],"replies":[{"embeddable":true,"href":"https:\/\/ivimodel.com\/fr\/wp-json\/wp\/v2\/comments?post=575"}],"version-history":[{"count":3,"href":"https:\/\/ivimodel.com\/fr\/wp-json\/wp\/v2\/pages\/575\/revisions"}],"predecessor-version":[{"id":808,"href":"https:\/\/ivimodel.com\/fr\/wp-json\/wp\/v2\/pages\/575\/revisions\/808"}],"wp:attachment":[{"href":"https:\/\/ivimodel.com\/fr\/wp-json\/wp\/v2\/media?parent=575"}],"curies":[{"name":"wp","href":"https:\/\/api.w.org\/{rel}","templated":true}]}}